{"id":3617,"date":"2021-07-23T05:02:27","date_gmt":"2021-07-23T05:02:27","guid":{"rendered":"https:\/\/www.sitaramretreat.com\/luxusvillen-aus-holz\/"},"modified":"2025-10-24T08:42:10","modified_gmt":"2025-10-24T08:42:10","slug":"luxusvillen-aus-holz","status":"publish","type":"page","link":"https:\/\/sitaramretreat.com\/de\/luxusvillen-aus-holz\/","title":{"rendered":"Wooden Premium Villas"},"content":{"rendered":"<p><strong>Wooden Premium Villas<\/strong><\/p>\n<p>Unsere Luxusvillen aus Holz sind jeweils 400 m\u00b2 gro\u00df und mit traditionellen Holzm\u00f6beln ausgestattet. Alle Villen haben ein angeschlossenes Badezimmer und eine Dusche mit Zugang zum Himmel; beide verf\u00fcgen \u00fcber gereinigtes warmes und kaltes Wasser.<\/p>\n<p>Jede Villa verf\u00fcgt \u00fcber eine private Terrasse (100 m\u00b2) und eine Sonnenterrasse (110 m\u00b2) mit einem atemberaubenden Blick auf das Arabische Meer und unsere \u00fcppigen G\u00e4rten.<\/p>\n","protected":false},"excerpt":{"rendered":"<p>Wooden Premium Villas Unsere Luxusvillen aus Holz sind jeweils 400 m\u00b2 gro\u00df und mit traditionellen Holzm\u00f6beln ausgestattet. Alle Villen haben ein angeschlossenes Badezimmer und eine Dusche mit Zugang zum Himmel; beide verf\u00fcgen \u00fcber gereinigtes warmes und kaltes Wasser. Jede Villa verf\u00fcgt \u00fcber eine private Terrasse (100 m\u00b2) und eine Sonnenterrasse (110 m\u00b2) mit einem atemberaubenden<a class=\"excerpt-read-more\" href=\"https:\/\/sitaramretreat.com\/de\/luxusvillen-aus-holz\/\" title=\"ReadWooden Premium Villas\">&#8230; Read more &raquo;<\/a><\/p>\n","protected":false},"author":1,"featured_media":3171,"parent":0,"menu_order":0,"comment_status":"closed","ping_status":"closed","template":"template-full-width-cottages.php","meta":{"_acf_changed":false,"ngg_post_thumbnail":0,"footnotes":""},"class_list":["post-3617","page","type-page","status-publish","has-post-thumbnail","hentry"],"acf":[],"_links":{"self":[{"href":"https:\/\/sitaramretreat.com\/de\/wp-json\/wp\/v2\/pages\/3617","targetHints":{"allow":["GET"]}}],"collection":[{"href":"https:\/\/sitaramretreat.com\/de\/wp-json\/wp\/v2\/pages"}],"about":[{"href":"https:\/\/sitaramretreat.com\/de\/wp-json\/wp\/v2\/types\/page"}],"author":[{"embeddable":true,"href":"https:\/\/sitaramretreat.com\/de\/wp-json\/wp\/v2\/users\/1"}],"replies":[{"embeddable":true,"href":"https:\/\/sitaramretreat.com\/de\/wp-json\/wp\/v2\/comments?post=3617"}],"version-history":[{"count":1,"href":"https:\/\/sitaramretreat.com\/de\/wp-json\/wp\/v2\/pages\/3617\/revisions"}],"predecessor-version":[{"id":9559,"href":"https:\/\/sitaramretreat.com\/de\/wp-json\/wp\/v2\/pages\/3617\/revisions\/9559"}],"wp:featuredmedia":[{"embeddable":true,"href":"https:\/\/sitaramretreat.com\/de\/wp-json\/wp\/v2\/media\/3171"}],"wp:attachment":[{"href":"https:\/\/sitaramretreat.com\/de\/wp-json\/wp\/v2\/media?parent=3617"}],"curies":[{"name":"wp","href":"https:\/\/api.w.org\/{rel}","templated":true}]}}