{"id":3616,"date":"2021-06-22T17:34:40","date_gmt":"2021-06-22T17:34:40","guid":{"rendered":"https:\/\/www.sitaramretreat.com\/luxuriose-holzhutten\/"},"modified":"2025-10-24T08:39:06","modified_gmt":"2025-10-24T08:39:06","slug":"luxuriose-holzhutten","status":"publish","type":"page","link":"https:\/\/sitaramretreat.com\/de\/luxuriose-holzhutten\/","title":{"rendered":"Luxury Wooden Cottages"},"content":{"rendered":"<p><strong>Luxury Wooden Cottages<\/strong><\/p>\n<p>Unsere luxuri\u00f6sen Holzh\u00fctten sind jeweils 400 Quadratmeter gro\u00df und mit Designer-Holzm\u00f6beln ausgestattet. Alle Cottages verf\u00fcgen \u00fcber ein eigenes Bad und eine offene Dusche, beide mit gereinigtem Warm- und Kaltwasser. Jede H\u00fctte verf\u00fcgt \u00fcber eine Veranda\/Terrasse (150 m\u00b2) und eine Sonnenterrasse (110 m\u00b2) mit herrlichem Garten- und Meerblick. Zu unseren Annehmlichkeiten geh\u00f6ren bequeme Matratzen, klimatisierte Zimmer mit Deckenventilator, ein Schlie\u00dffach, ein Haartrockner, 8 Fu\u00df hohe Schiebefenster mit Klarglas und Moskitonetzen, die einen atemberaubenden Blick auf das Meer vom Zimmer aus erm\u00f6glichen. Diese Zimmer bieten herrlichen Komfort und schaffen eine nahtlose Harmonie mit der heilenden Erfahrung.<\/p>\n","protected":false},"excerpt":{"rendered":"<p>Luxury Wooden Cottages Unsere luxuri\u00f6sen Holzh\u00fctten sind jeweils 400 Quadratmeter gro\u00df und mit Designer-Holzm\u00f6beln ausgestattet. Alle Cottages verf\u00fcgen \u00fcber ein eigenes Bad und eine offene Dusche, beide mit gereinigtem Warm- und Kaltwasser. Jede H\u00fctte verf\u00fcgt \u00fcber eine Veranda\/Terrasse (150 m\u00b2) und eine Sonnenterrasse (110 m\u00b2) mit herrlichem Garten- und Meerblick. Zu unseren Annehmlichkeiten geh\u00f6ren bequeme<a class=\"excerpt-read-more\" href=\"https:\/\/sitaramretreat.com\/de\/luxuriose-holzhutten\/\" title=\"ReadLuxury Wooden Cottages\">&#8230; Read more &raquo;<\/a><\/p>\n","protected":false},"author":1,"featured_media":2836,"parent":0,"menu_order":0,"comment_status":"closed","ping_status":"closed","template":"template-full-width-cottages.php","meta":{"_acf_changed":false,"ngg_post_thumbnail":0,"footnotes":""},"class_list":["post-3616","page","type-page","status-publish","has-post-thumbnail","hentry"],"acf":[],"_links":{"self":[{"href":"https:\/\/sitaramretreat.com\/de\/wp-json\/wp\/v2\/pages\/3616","targetHints":{"allow":["GET"]}}],"collection":[{"href":"https:\/\/sitaramretreat.com\/de\/wp-json\/wp\/v2\/pages"}],"about":[{"href":"https:\/\/sitaramretreat.com\/de\/wp-json\/wp\/v2\/types\/page"}],"author":[{"embeddable":true,"href":"https:\/\/sitaramretreat.com\/de\/wp-json\/wp\/v2\/users\/1"}],"replies":[{"embeddable":true,"href":"https:\/\/sitaramretreat.com\/de\/wp-json\/wp\/v2\/comments?post=3616"}],"version-history":[{"count":1,"href":"https:\/\/sitaramretreat.com\/de\/wp-json\/wp\/v2\/pages\/3616\/revisions"}],"predecessor-version":[{"id":9558,"href":"https:\/\/sitaramretreat.com\/de\/wp-json\/wp\/v2\/pages\/3616\/revisions\/9558"}],"wp:featuredmedia":[{"embeddable":true,"href":"https:\/\/sitaramretreat.com\/de\/wp-json\/wp\/v2\/media\/2836"}],"wp:attachment":[{"href":"https:\/\/sitaramretreat.com\/de\/wp-json\/wp\/v2\/media?parent=3616"}],"curies":[{"name":"wp","href":"https:\/\/api.w.org\/{rel}","templated":true}]}}