{"id":3615,"date":"2021-06-30T17:57:24","date_gmt":"2021-06-30T17:57:24","guid":{"rendered":"https:\/\/www.sitaramretreat.com\/schlafen-wohnen\/"},"modified":"2025-10-24T08:36:36","modified_gmt":"2025-10-24T08:36:36","slug":"schlafen-wohnen","status":"publish","type":"page","link":"https:\/\/sitaramretreat.com\/de\/schlafen-wohnen\/","title":{"rendered":"Luxury Stone Cottages"},"content":{"rendered":"<p><strong>&nbsp;Luxury Stone Cottages&nbsp;<\/strong><\/p>\n<p>Unsere ger\u00e4umigen Luxus-Doppel-Cottages sind 38 Q m\u00b2 gro\u00df und mit einzigartigen Holzm\u00f6beln ausgestattet. Alle H\u00fctten verf\u00fcgen \u00fcber B\u00e4der und verf\u00fcgen \u00fcber einen zum Himmel offen Duschbereich; beide haben Wassereinrichtungen mit gereinigtem, warmem und kaltem Wasser. Sie verf\u00fcgen \u00fcber eine Veranda\/Terrasse (150 m\u00b2) und ein Sonnendeck (110 m\u00b2) mit spektakul\u00e4rem Garten- und Meerblick. Zu unseren Annehmlichkeiten geh\u00f6ren bequeme Matratzen, klimatisierte Zimmer mit Deckenventilator, ein Schlie\u00dffach, ein Haartrockner, zwei Meter hohe Schiebefenster mit Klarglas und Moskitonetzen, die einen atemberaubenden Blick aufs Meer bieten. Diese Zimmer bieten Ruhe und Gelassenheit sowohl innen als auch au\u00dfen.<\/p>\n\n\n<p><\/p>\n","protected":false},"excerpt":{"rendered":"<p>&nbsp;Luxury Stone Cottages&nbsp; Unsere ger\u00e4umigen Luxus-Doppel-Cottages sind 38 Q m\u00b2 gro\u00df und mit einzigartigen Holzm\u00f6beln ausgestattet. Alle H\u00fctten verf\u00fcgen \u00fcber B\u00e4der und verf\u00fcgen \u00fcber einen zum Himmel offen Duschbereich; beide haben Wassereinrichtungen mit gereinigtem, warmem und kaltem Wasser. Sie verf\u00fcgen \u00fcber eine Veranda\/Terrasse (150 m\u00b2) und ein Sonnendeck (110 m\u00b2) mit spektakul\u00e4rem Garten- und Meerblick.<a class=\"excerpt-read-more\" href=\"https:\/\/sitaramretreat.com\/de\/schlafen-wohnen\/\" title=\"ReadLuxury Stone Cottages\">&#8230; Read more &raquo;<\/a><\/p>\n","protected":false},"author":1,"featured_media":3229,"parent":0,"menu_order":0,"comment_status":"closed","ping_status":"closed","template":"template-full-width-cottages.php","meta":{"_acf_changed":false,"ngg_post_thumbnail":0,"footnotes":""},"class_list":["post-3615","page","type-page","status-publish","has-post-thumbnail","hentry"],"acf":[],"_links":{"self":[{"href":"https:\/\/sitaramretreat.com\/de\/wp-json\/wp\/v2\/pages\/3615","targetHints":{"allow":["GET"]}}],"collection":[{"href":"https:\/\/sitaramretreat.com\/de\/wp-json\/wp\/v2\/pages"}],"about":[{"href":"https:\/\/sitaramretreat.com\/de\/wp-json\/wp\/v2\/types\/page"}],"author":[{"embeddable":true,"href":"https:\/\/sitaramretreat.com\/de\/wp-json\/wp\/v2\/users\/1"}],"replies":[{"embeddable":true,"href":"https:\/\/sitaramretreat.com\/de\/wp-json\/wp\/v2\/comments?post=3615"}],"version-history":[{"count":1,"href":"https:\/\/sitaramretreat.com\/de\/wp-json\/wp\/v2\/pages\/3615\/revisions"}],"predecessor-version":[{"id":9557,"href":"https:\/\/sitaramretreat.com\/de\/wp-json\/wp\/v2\/pages\/3615\/revisions\/9557"}],"wp:featuredmedia":[{"embeddable":true,"href":"https:\/\/sitaramretreat.com\/de\/wp-json\/wp\/v2\/media\/3229"}],"wp:attachment":[{"href":"https:\/\/sitaramretreat.com\/de\/wp-json\/wp\/v2\/media?parent=3615"}],"curies":[{"name":"wp","href":"https:\/\/api.w.org\/{rel}","templated":true}]}}